{"id":5799,"date":"2015-07-27T10:39:39","date_gmt":"2015-07-27T10:39:39","guid":{"rendered":"http:\/\/www.sabordegrecia.com\/greek_taverna\/?page_id=5799"},"modified":"2017-05-25T13:02:10","modified_gmt":"2017-05-25T12:02:10","slug":"aviso-legal","status":"publish","type":"page","link":"https:\/\/www.sabordegrecia.com\/greek_taverna\/aviso-legal\/","title":{"rendered":"Aviso Legal"},"content":{"rendered":"<div class=\"wrapper\">\n<div style=\"text-align: justify\"><b>SABOR DE GRECIA<\/b> empresa inscrita en el R.M Las Palmas de Gran Canaria, Folio xxx, Tomo X, Hoja x- CIF: xxxxxx. Domicilio social:\u00a0 Las Palmas de Gran Canaria. Espa\u00f1a.<\/div>\n<div style=\"text-align: justify\">\u00a0<br \/> <b>Propiedad Intelectual<\/b><\/div>\n<div style=\"text-align: justify\">\u00a0<br \/> El c\u00f3digo fuente, los dise\u00f1os gr\u00e1ficos, las im\u00e1genes, las fotograf\u00edas, los sonidos, las animaciones, los textos, as\u00ed como la informaci\u00f3n y los contenidos que se recogen en http:\/\/www.sabordegrecia.com son propiedad de <b>SABOR DE GRECIA<\/b> y no se permite la reproducci\u00f3n total o parcial de esta web, ni su tratamiento inform\u00e1tico, su distribuci\u00f3n, su difusi\u00f3n, ni su modificaci\u00f3n, transformaci\u00f3n o descompilaci\u00f3n, sin el permiso previo y por escrito de su titular, <b>SABOR DE GRECIA<\/b>. El usuario \u00fanica y exclusivamente puede utilizar el material que aparezca en este portal para su uso personal y privado, quedando prohibido su uso con fines comerciales o para incurrir en actividades il\u00edcitas. Todos los derechos derivados de la propiedad intelectual est\u00e1n expresamente reservados por <b>SABOR DE GRECIA<\/b>.<\/div>\n<div style=\"text-align: justify\">\u00a0<br \/><b>SABOR DE GRECIA<\/b> velar\u00e1 por el cumplimiento de las anteriores condiciones como por la debida utilizaci\u00f3n de los contenidos presentados en su portal, ejercitando todas las acciones civiles y penales que le correspondan en el caso de infracci\u00f3n o incumplimiento de estos derechos por parte del usuario.<\/div>\n<div style=\"text-align: justify\">\u00a0<br \/> <b>Avisos<\/b><\/div>\n<div style=\"text-align: justify\">\u00a0<br \/><b>SABOR DE GRECIA <\/b>no ser\u00e1 responsable de los da\u00f1os y perjuicios producidos o que puedan producirse, ni de los defectos t\u00e9cnicos, cualquiera que sea su naturaleza, que se deriven del uso de la informaci\u00f3n y de las materias contenidas en su web site. Los enlaces (Links) e hipertexto que posibiliten, a trav\u00e9s de www.sabordegrecia.com , acceder al usuario a prestaciones y servicios ofrecidos por terceros, no pertenecen ni se encuentran bajo el control de <b>SABOR DE GRECIA<\/b> dicha entidad no se hace responsable ni de la informaci\u00f3n contenida en los mismos ni de cualesquiera efectos que pudieran derivarse de dicha informaci\u00f3n.<\/div>\n<div style=\"text-align: justify\">\u00a0<br \/><b>SABOR DE GRECIA <\/b>no se hace responsable del incumplimiento de cualquier norma aplicable en que pueda incurrir el usuario en su acceso al website www.sabordegrecia.com y\/o en el uso de las informaciones contenidas en el mismo.<\/div>\n<div style=\"text-align: justify\">\u00a0<br \/><b>SABOR DE GRECIA <\/b>no se hace responsable del uso ileg\u00edtimo que terceras personas puedan hacer de los nombres de marca, nombres de producto, marcas comerciales que, no siendo propiedad de dicha entidad, aparezcan en el website www.sabordegrecia.com. Tampoco se responsabiliza de la integridad, veracidad y licitud del contenido de los enlaces a las webs a las que pueda accederse desde www.sabordegrecia.com.<\/div>\n<div style=\"text-align: justify\">\u00a0<br \/> As\u00ed pues, el usuario es el \u00fanico responsable del uso que realice de los servicios, contenidos, enlaces (links) e hipertexto incluidos en el website www.sabordegrecia.com<\/div>\n<\/div>\n","protected":false},"excerpt":{"rendered":"<p>SABOR DE GRECIA empresa inscrita en el R.M Las Palmas de Gran Canaria, Folio xxx, Tomo X, Hoja x- CIF: xxxxxx. Domicilio social:\u00a0 Las Palmas de Gran Canaria. Espa\u00f1a. \u00a0 Propiedad Intelectual \u00a0 El c\u00f3digo fuente, los dise\u00f1os gr\u00e1ficos, las im\u00e1genes, las fotograf\u00edas, los sonidos, las animaciones, los textos, as\u00ed&#8230;<\/p>\n","protected":false},"author":1,"featured_media":0,"parent":0,"menu_order":0,"comment_status":"closed","ping_status":"closed","template":"","meta":[],"_links":{"self":[{"href":"https:\/\/www.sabordegrecia.com\/greek_taverna\/wp-json\/wp\/v2\/pages\/5799"}],"collection":[{"href":"https:\/\/www.sabordegrecia.com\/greek_taverna\/wp-json\/wp\/v2\/pages"}],"about":[{"href":"https:\/\/www.sabordegrecia.com\/greek_taverna\/wp-json\/wp\/v2\/types\/page"}],"author":[{"embeddable":true,"href":"https:\/\/www.sabordegrecia.com\/greek_taverna\/wp-json\/wp\/v2\/users\/1"}],"replies":[{"embeddable":true,"href":"https:\/\/www.sabordegrecia.com\/greek_taverna\/wp-json\/wp\/v2\/comments?post=5799"}],"version-history":[{"count":1,"href":"https:\/\/www.sabordegrecia.com\/greek_taverna\/wp-json\/wp\/v2\/pages\/5799\/revisions"}],"predecessor-version":[{"id":5971,"href":"https:\/\/www.sabordegrecia.com\/greek_taverna\/wp-json\/wp\/v2\/pages\/5799\/revisions\/5971"}],"wp:attachment":[{"href":"https:\/\/www.sabordegrecia.com\/greek_taverna\/wp-json\/wp\/v2\/media?parent=5799"}],"curies":[{"name":"wp","href":"https:\/\/api.w.org\/{rel}","templated":true}]}}