{"id":4528,"date":"2015-05-09T23:24:31","date_gmt":"2015-05-09T23:24:31","guid":{"rendered":"http:\/\/zoomarts.works\/dalton\/?page_id=4528"},"modified":"2023-09-11T18:01:54","modified_gmt":"2023-09-11T17:01:54","slug":"reservas","status":"publish","type":"page","link":"https:\/\/www.sabordegrecia.com\/greek_taverna\/reservas\/","title":{"rendered":"Reservas"},"content":{"rendered":"<p>[vc_row row_type=&#8221;fullwidth_content&#8221;][vc_column][rev_slider_vc alias=&#8221;slider3&#8243;][\/vc_column][\/vc_row][vc_row][vc_column][vc_column_text] [\/vc_column_text][\/vc_column][\/vc_row][vc_row][vc_column][vc_column_text] [\/vc_column_text][\/vc_column][\/vc_row][vc_row][vc_column][vc_column_text] [\/vc_column_text][\/vc_column][\/vc_row][vc_row][vc_column][vc_column_text] [\/vc_column_text][\/vc_column][\/vc_row][vc_row][vc_column][vc_column_text] [\/vc_column_text][\/vc_column][\/vc_row][vc_row][vc_column][vc_column_text] [\/vc_column_text][\/vc_column][\/vc_row][vc_row][vc_column][vc_column_text] [\/vc_column_text][\/vc_column][\/vc_row][vc_row][vc_column][vc_column_text] [\/vc_column_text][\/vc_column][\/vc_row][vc_row][vc_column][vc_column_text] [\/vc_column_text][\/vc_column][\/vc_row][vc_row][vc_column][vc_column_text] [\/vc_column_text][\/vc_column][\/vc_row]<\/p>\n<p>[vc_row css=&#8221;.vc_custom_1437741711478{padding-top: 50px !important;padding-bottom: 50px !important;}&#8221;][vc_column]<div class=\"custom-font style-2\" style=\"text-align:center\"><h4 class=\"custom-font-element custom-font-8  vc_custom_1437984397072\" style=\"font-size:48px; line-height:56px; letter-spacing:0px; color:#444444; \">Reservas<span class=\"left\" style=\"background-color:#d7d7d7;\"><\/span><span class=\"right\" style=\"background-color:#d7d7d7;\"><\/span><\/h4 ><\/div><div class=\"divider empty-space\" style=\"text-align:left;\"><div class=\"divider-elm empty-space\" style=\"margin-top:20px; \"><\/div><\/div>[vc_cta h2=&#8221;NUEVO HORARIO&#8221; txt_align=&#8221;center&#8221; color=&#8221;white&#8221; css=&#8221;.vc_custom_1694451712121{background-color: #0f319e !important;}&#8221;]<\/p>\n<p style=\"text-align: center;\"><span style=\"color: #ffffff; font-size: 14px;\"><strong>Desde el 13\/09 HASTA 18\/10<span style=\"color: #ffcc00;\">\u00a0 PERMANECEREMOS CERRADOS LOS MI\u00c9RCOLES<\/span> POR DESCANSO DEL PERSONAL. <\/strong><\/span><\/p>\n<p><span style=\"color: #ffffff;\"><strong>EL resto de la semana estaremos abiertos en nuestro horario habitual de 13:00h. A 00:00h.<\/strong><\/span><\/p>\n<p>[\/vc_cta]<div class=\"divider empty-space\" style=\"text-align:left;\"><div class=\"divider-elm empty-space\" style=\"\"><\/div><\/div><div class=\"custom-font \" style=\"text-align:center\"><p class=\"custom-font-element custom-font-13  vc_custom_1694444719805\" style=\"font-size:18px; line-height:22px; letter-spacing:0px; color:#000000; \"> <em>A trav\u00e9s de este formulario solo se permiten reservas hasta 4 hora antes y por eso las horas aparecen desactivadas. Si este es el caso realice su reserva llamando al +34 928 766 785<\/em> <\/p ><\/div><div class=\"divider empty-space\" style=\"text-align:left;\"><div class=\"divider-elm empty-space\" style=\"margin-top:20px; \"><\/div><\/div>[vc_column_text] \n\t<script type=\"text\/javascript\">\n        var ajaxurl = 'https:\/\/www.sabordegrecia.com\/greek_taverna\/wp-admin\/admin-ajax.php';\n    <\/script>\n\n    <style><\/style>\n    \n<div class=\"rtb-booking-form\">\n\t\n\t\n\t<form method=\"POST\" action=\"\" class=\"rtb-booking-form-form\">\n\t\t<input type=\"hidden\" name=\"action\" value=\"booking_request\">\n\n\t\t\n\t\t\n\t\t\t\t<fieldset class=\"reservation\">\n\n\t\t\t\t\t\t<legend >\n\t\t\t\tINFORMACI\u00d3N DE LA RESERVA\t\t\t<\/legend>\n\t\t\t\n\t\t\t\n\t<div class=\"rtb-text date\">\n\t\t\t\t<label for=\"rtb-date\">\n\t\t\tFecha\t\t<\/label>\n\t\t<input type=\"text\" name=\"rtb-date\" id=\"rtb-date\" value=\"\" required aria-required=\"true\">\n\t<\/div>\n\n\t\n\t<div class=\"rtb-text time\">\n\t\t\t\t<label for=\"rtb-time\">\n\t\t\tHora *\t\t<\/label>\n\t\t<input type=\"text\" name=\"rtb-time\" id=\"rtb-time\" value=\"\" required aria-required=\"true\">\n\t<\/div>\n\n\t\n\t<div class=\"rtb-select party\">\n\t\t\t\t<label for=\"rtb-party\">\n\t\t\tN\u00famero de personas\t\t<\/label>\n\t\t<select name=\"rtb-party\" id=\"rtb-party\" required aria-required=\"true\" >\n\t\t\t\t\t\t\t\t\t<option value=\"1\" >1<\/option>\n\t\t\t\t\t\t<option value=\"2\" >2<\/option>\n\t\t\t\t\t\t<option value=\"3\" >3<\/option>\n\t\t\t\t\t\t<option value=\"4\" >4<\/option>\n\t\t\t\t\t\t<option value=\"5\" >5<\/option>\n\t\t\t\t\t\t<option value=\"6\" >6<\/option>\n\t\t\t\t\t\t<option value=\"7\" >7<\/option>\n\t\t\t\t\t\t<option value=\"8\" >8<\/option>\n\t\t\t\t\t\t<option value=\"9\" >9<\/option>\n\t\t\t\t\t\t<option value=\"10\" >10<\/option>\n\t\t\t\t\t\t<option value=\"11\" >11<\/option>\n\t\t\t\t\t\t<option value=\"12\" >12<\/option>\n\t\t\t\t\t\t<option value=\"13\" >13<\/option>\n\t\t\t\t\t\t<option value=\"14\" >14<\/option>\n\t\t\t\t\t\t<option value=\"15\" >15<\/option>\n\t\t\t\t\t<\/select>\n\t<\/div>\n\n\t\n\t<div class=\"rtb-radio lugar-del-restaurante-donde-desea-la-reserva\">\n\t\t\t\t<label>\n\t\t\tLugar del restaurante donde desea la reserva\t\t<\/label>\n\t\t\t\t<label>\n\t\t\t<input type=\"radio\" name=\"rtb-lugar-del-restaurante-donde-desea-la-reserva\" id=\"rtb-lugar-del-restaurante-donde-desea-la-reserva\" value=\"0\"  required aria-required=\"true\">\n\t\t\tComedor interior\t\t<\/label>\n\t\t\t\t<label>\n\t\t\t<input type=\"radio\" name=\"rtb-lugar-del-restaurante-donde-desea-la-reserva\" id=\"rtb-lugar-del-restaurante-donde-desea-la-reserva\" value=\"1\"  required aria-required=\"true\">\n\t\t\tTerraza (no fumador)\t\t<\/label>\n\t\t\t\t<label>\n\t\t\t<input type=\"radio\" name=\"rtb-lugar-del-restaurante-donde-desea-la-reserva\" id=\"rtb-lugar-del-restaurante-donde-desea-la-reserva\" value=\"2\"  required aria-required=\"true\">\n\t\t\tTerraza (fumador)\t\t<\/label>\n\t\t\t<\/div>\n\n\t\t\t<\/fieldset>\n\t\t\t\t<fieldset class=\"contact\">\n\n\t\t\t\t\t\t<legend >\n\t\t\t\tINFORMACI\u00d3N PERSONAL\t\t\t<\/legend>\n\t\t\t\n\t\t\t\n\t<div class=\"rtb-text name\">\n\t\t\t\t<label for=\"rtb-name\">\n\t\t\tNombre\t\t<\/label>\n\t\t<input type=\"text\" name=\"rtb-name\" id=\"rtb-name\" value=\"\" required aria-required=\"true\">\n\t<\/div>\n\n\t\n\t<div class=\"rtb-text email\">\n\t\t\t\t<label for=\"rtb-email\">\n\t\t\tCorreo Electr\u00f3nico *\t\t<\/label>\n\t\t<input type=\"email\" name=\"rtb-email\" id=\"rtb-email\" value=\"\" required aria-required=\"true\">\n\t<\/div>\n\n\t\n\t<div class=\"rtb-text phone\">\n\t\t\t\t<label for=\"rtb-phone\">\n\t\t\tN\u00famero de Tel\u00e9fono\t\t<\/label>\n\t\t<input type=\"tel\" name=\"rtb-phone\" id=\"rtb-phone\" value=\"\">\n\t<\/div>\n\n\t\n\t<div class=\"add-message\">\n\t\t<a href=\"#\">\n\t\t\tPULSE AQU\u00cd PARA A\u00d1ADIR UN MENSAJE U OBSERVACI\u00d3N\t\t<\/a>\n\t<\/div>\n\n\t\n\t<div class=\"rtb-textarea message\">\n\t\t\t\t<label for=\"rtb-message\">\n\t\t\tMensaje para a\u00f1adir a tu reserva\t\t<\/label>\n\t\t<textarea name=\"rtb-message\" id=\"rtb-message\"><\/textarea>\n\t<\/div>\n\n\t\t\t<\/fieldset>\n\t\t\n\t\t\n\t\t<div id='rtb_recaptcha'><\/div>\n\t\t\n\t\t<button type=\"submit\">Solicitud de Reserva<\/button>\n\n\t<\/form>\n\t<\/div>\n\n\t [\/vc_column_text][\/vc_column][vc_column][\/vc_column][\/vc_row]<\/p>\n","protected":false},"excerpt":{"rendered":"<p>[vc_row row_type=&#8221;fullwidth_content&#8221;][vc_column][rev_slider_vc alias=&#8221;slider3&#8243;][\/vc_column][\/vc_row][vc_row][vc_column][vc_column_text] [\/vc_column_text][\/vc_column][\/vc_row][vc_row][vc_column][vc_column_text] [\/vc_column_text][\/vc_column][\/vc_row][vc_row][vc_column][vc_column_text] [\/vc_column_text][\/vc_column][\/vc_row][vc_row][vc_column][vc_column_text] [\/vc_column_text][\/vc_column][\/vc_row][vc_row][vc_column][vc_column_text] [\/vc_column_text][\/vc_column][\/vc_row][vc_row][vc_column][vc_column_text] [\/vc_column_text][\/vc_column][\/vc_row][vc_row][vc_column][vc_column_text] [\/vc_column_text][\/vc_column][\/vc_row][vc_row][vc_column][vc_column_text] [\/vc_column_text][\/vc_column][\/vc_row][vc_row][vc_column][vc_column_text] [\/vc_column_text][\/vc_column][\/vc_row][vc_row][vc_column][vc_column_text] [\/vc_column_text][\/vc_column][\/vc_row] [vc_row css=&#8221;.vc_custom_1437741711478{padding-top: 50px !important;padding-bottom: 50px !important;}&#8221;][vc_column][vc_cta h2=&#8221;NUEVO HORARIO&#8221; txt_align=&#8221;center&#8221; color=&#8221;white&#8221; css=&#8221;.vc_custom_1694451712121{background-color: #0f319e !important;}&#8221;] Desde el 13\/09 HASTA 18\/10\u00a0 PERMANECEREMOS CERRADOS LOS MI\u00c9RCOLES POR DESCANSO DEL PERSONAL. EL resto de la semana estaremos abiertos en nuestro horario habitual&#8230;<\/p>\n","protected":false},"author":1,"featured_media":0,"parent":0,"menu_order":0,"comment_status":"open","ping_status":"open","template":"template-builder.php","meta":[],"_links":{"self":[{"href":"https:\/\/www.sabordegrecia.com\/greek_taverna\/wp-json\/wp\/v2\/pages\/4528"}],"collection":[{"href":"https:\/\/www.sabordegrecia.com\/greek_taverna\/wp-json\/wp\/v2\/pages"}],"about":[{"href":"https:\/\/www.sabordegrecia.com\/greek_taverna\/wp-json\/wp\/v2\/types\/page"}],"author":[{"embeddable":true,"href":"https:\/\/www.sabordegrecia.com\/greek_taverna\/wp-json\/wp\/v2\/users\/1"}],"replies":[{"embeddable":true,"href":"https:\/\/www.sabordegrecia.com\/greek_taverna\/wp-json\/wp\/v2\/comments?post=4528"}],"version-history":[{"count":21,"href":"https:\/\/www.sabordegrecia.com\/greek_taverna\/wp-json\/wp\/v2\/pages\/4528\/revisions"}],"predecessor-version":[{"id":8049,"href":"https:\/\/www.sabordegrecia.com\/greek_taverna\/wp-json\/wp\/v2\/pages\/4528\/revisions\/8049"}],"wp:attachment":[{"href":"https:\/\/www.sabordegrecia.com\/greek_taverna\/wp-json\/wp\/v2\/media?parent=4528"}],"curies":[{"name":"wp","href":"https:\/\/api.w.org\/{rel}","templated":true}]}}